{"id":3215,"date":"2025-04-24T21:26:18","date_gmt":"2025-04-24T17:26:18","guid":{"rendered":"https:\/\/bolt-autoparts.mu\/product\/ridex-filter-insert-part-no-7o0379\/"},"modified":"2025-04-24T21:48:16","modified_gmt":"2025-04-24T17:48:16","slug":"ridex-filter-insert-part-no-7o0379","status":"publish","type":"product","link":"https:\/\/bolt-autoparts.mu\/fr\/produit\/ridex-filter-insert-part-no-7o0379\/","title":{"rendered":"RIDEX filtre \u00e0 huile\u2013 Part No. 7O0379"},"content":{"rendered":"<p>Assurez des performances optimales et une protection efficace de votre moteur avec la cartouche de filtre RIDEX (R\u00e9f\u00e9rence : 7O0379). Con\u00e7ue pour offrir fiabilit\u00e9 et efficacit\u00e9, cette cartouche de qualit\u00e9 sup\u00e9rieure comprend : <\/p>\n<p>Type de filtre : Cartouche de filtre<br \/>\nDiam\u00e8tre ext\u00e9rieur : 53 mm<br \/>\nHauteur : 134 mm<br \/>\nDiam\u00e8tre int\u00e9rieur 1 : 20 mm<br \/>\nDiam\u00e8tre int\u00e9rieur 2 : 16 mm<br \/>\nInclus : Joints d\u2019\u00e9tanch\u00e9it\u00e9 pour un ajustement s\u00e9curis\u00e9<br \/>\nPoids : 0,092 kg<\/p>\n<p>Fabriqu\u00e9e par RIDEX, une marque de confiance dans le domaine des pi\u00e8ces automobiles, cette cartouche de filtre garantit durabilit\u00e9 et performance constante. Id\u00e9ale pour l\u2019entretien courant et la protection du moteur. <\/p>\n<table class=\"bordered\">\n<tbody>\n<tr>\n<th style=\"color: #040402;\" colspan=\"2\">CARACT\u00c9RISTIQUES TECHNIQUES<\/th>\n<\/tr>\n<tr>\n<td style=\"width: 150px;\">Type de filtre:\n<\/td>\n<td>\u200eFiltre insert<\/td>\n<\/tr>\n<tr>\n<td style=\"width: 150px;\"><span class=\"name\">Diam\u00e8tre ext\u00e9rieur [mm]:<\/span><\/td>\n<td>53<\/td>\n<\/tr>\n<tr>\n<td style=\"width: 150px;\"><span class=\"name\">Height [mm]:<\/span><\/td>\n<td>134<\/td>\n<\/tr>\n<tr>\n<td style=\"width: 150px;\"><span class=\"name\">Diam\u00e8tre int\u00e9rieur [mm]:<\/span><\/td>\n<td>16<\/td>\n<\/tr>\n<tr>\n<td style=\"width: 150px;\"><span class=\"name\">Joints\/emballages inclus:<\/span><\/td>\n<td><span class=\"value\">Oui<\/span><\/td>\n<\/tr>\n<tr>\n<td style=\"width: 150px;\"><strong>R\u00e9f\u00e9rence fabricant<br \/>\n<\/strong><\/td>\n<td>\u200e7O0379<\/td>\n<\/tr>\n<tr>\n<td style=\"width: 150px;\"><strong>Fabricant:<\/strong><\/td>\n<td>\u200eRidex<\/td>\n<\/tr>\n<tr>\n<td style=\"width: 150px;\"><strong>EAN :<\/strong><\/td>\n<td>\u200e4066423066234<\/td>\n<\/tr>\n<tr>\n<td style=\"width: 150px;\"><strong>Poids [kg]:<\/strong><\/td>\n<td>0.092<\/td>\n<\/tr>\n<tr>\n<th style=\"color: #040402;\" colspan=\"2\">INFORMATIONS COMPL\u00c9MENTAIRES<\/th>\n<\/tr>\n<tr>\n<td style=\"width: 150px;\"><strong>V\u00e9hicules compatibles<br \/>\n<\/strong><\/td>\n<td>BMW, TOYOTA<\/td>\n<\/tr>\n<tr>\n<td style=\"width: 150px;\"><strong>OEM Number<\/strong><\/td>\n<td>11428575211, 8575212, 8575211, 04152WAA01<\/td>\n<\/tr>\n<\/tbody>\n<\/table>\n","protected":false},"excerpt":{"rendered":"<p>Cartouche de filtre RIDEX (R\u00e9f. 7O0379) avec joints d\u2019\u00e9tanch\u00e9it\u00e9. Dimensions : \u00d853 mm ext\u00e9rieur, 134 mm de hauteur, 20 mm\/16 mm de diam\u00e8tre int\u00e9rieur. Poids l\u00e9ger de 0,092 kg. EAN : 4066423066234. Performance fiable et installation facile.    <\/p>\n","protected":false},"featured_media":3205,"template":"","meta":{"_bst_post_transparent":"default","_bst_post_title":"","_bst_post_layout":"default","_bst_post_sidebar_id":"","_bst_post_content_style":"default","_bst_post_vertical_padding":"default","_bst_post_feature":"","_bst_post_feature_position":"","_bst_post_header":false,"_bst_post_footer":false},"product_brand":[119],"product_cat":[127,125],"product_tag":[141,142],"product_brands":[117],"class_list":{"0":"post-3215","1":"product","2":"type-product","3":"status-publish","4":"has-post-thumbnail","6":"product_brand-ridex-fr","7":"product_cat-filtre-a-huile","8":"product_cat-filtres","9":"product_tag-filters-fr","10":"product_tag-oil-filters-fr","11":"product_brands-ridex-fr","13":"first","14":"instock","15":"shipping-taxable","16":"product-type-simple","17":"entry","18":"content-bg","19":"loop-entry"},"_links":{"self":[{"href":"https:\/\/bolt-autoparts.mu\/fr\/wp-json\/wp\/v2\/product\/3215","targetHints":{"allow":["GET"]}}],"collection":[{"href":"https:\/\/bolt-autoparts.mu\/fr\/wp-json\/wp\/v2\/product"}],"about":[{"href":"https:\/\/bolt-autoparts.mu\/fr\/wp-json\/wp\/v2\/types\/product"}],"version-history":[{"count":0,"href":"https:\/\/bolt-autoparts.mu\/fr\/wp-json\/wp\/v2\/product\/3215\/revisions"}],"wp:featuredmedia":[{"embeddable":true,"href":"https:\/\/bolt-autoparts.mu\/fr\/wp-json\/wp\/v2\/media\/3205"}],"wp:attachment":[{"href":"https:\/\/bolt-autoparts.mu\/fr\/wp-json\/wp\/v2\/media?parent=3215"}],"wp:term":[{"taxonomy":"product_brand","embeddable":true,"href":"https:\/\/bolt-autoparts.mu\/fr\/wp-json\/wp\/v2\/product_brand?post=3215"},{"taxonomy":"product_cat","embeddable":true,"href":"https:\/\/bolt-autoparts.mu\/fr\/wp-json\/wp\/v2\/product_cat?post=3215"},{"taxonomy":"product_tag","embeddable":true,"href":"https:\/\/bolt-autoparts.mu\/fr\/wp-json\/wp\/v2\/product_tag?post=3215"},{"taxonomy":"product_brands","embeddable":true,"href":"https:\/\/bolt-autoparts.mu\/fr\/wp-json\/wp\/v2\/product_brands?post=3215"}],"curies":[{"name":"wp","href":"https:\/\/api.w.org\/{rel}","templated":true}]}}